{"id":2541,"date":"2017-12-04T16:11:04","date_gmt":"2017-12-04T15:11:04","guid":{"rendered":"https:\/\/sapie.coop\/site\/?page_id=2541"},"modified":"2026-01-29T10:34:42","modified_gmt":"2026-01-29T09:34:42","slug":"mentions-legales","status":"publish","type":"page","link":"https:\/\/sapie.coop\/site\/mentions-legales\/","title":{"rendered":"Mentions l\u00e9gales"},"content":{"rendered":"<p>[et_pb_section fb_built=\u00a0\u00bb1&Prime; admin_label=\u00a0\u00bbsection\u00a0\u00bb _builder_version=\u00a0\u00bb4.16&Prime; global_colors_info=\u00a0\u00bb{}\u00a0\u00bb][et_pb_row admin_label=\u00a0\u00bbrow\u00a0\u00bb _builder_version=\u00a0\u00bb4.16&Prime; background_size=\u00a0\u00bbinitial\u00a0\u00bb background_position=\u00a0\u00bbtop_left\u00a0\u00bb background_repeat=\u00a0\u00bbrepeat\u00a0\u00bb global_colors_info=\u00a0\u00bb{}\u00a0\u00bb][et_pb_column type=\u00a0\u00bb4_4&Prime; _builder_version=\u00a0\u00bb4.16&Prime; custom_padding=\u00a0\u00bb|||\u00a0\u00bb global_colors_info=\u00a0\u00bb{}\u00a0\u00bb custom_padding__hover=\u00a0\u00bb|||\u00a0\u00bb][et_pb_text admin_label=\u00a0\u00bbText\u00a0\u00bb _builder_version=\u00a0\u00bb4.24.2&Prime; header_2_font_size=\u00a0\u00bb24px\u00a0\u00bb background_size=\u00a0\u00bbinitial\u00a0\u00bb background_position=\u00a0\u00bbtop_left\u00a0\u00bb background_repeat=\u00a0\u00bbrepeat\u00a0\u00bb hover_enabled=\u00a0\u00bb0&Prime; global_colors_info=\u00a0\u00bb{}\u00a0\u00bb sticky_enabled=\u00a0\u00bb0&Prime;]<\/p>\n<h2><\/h2>\n<h2>1 &#8211; IDENTIFICATION:<\/h2>\n<p>Le pr\u00e9sent site Internet est publi\u00e9 par SAPIE SCIC SAS \u00e0 capital variable.<\/p>\n<p>SAPIE SCIC SAS est install\u00e9e 7 rue du Cougaing \u00e0 Limoux (11300).<\/p>\n<p>N\u00b0 APE : <span class=\"st\">70.20Y.<\/span><br \/>N\u00b0 de SIRET : 34921756200058.<br \/>RCS de Carcassonne.<br \/>N\u00b0 TVA intracommunautaire : FR 27 349 217 562.<br \/>N\u00b0 de formateur :\u00a0 91 11 00271 11.<\/p>\n<p>SAPIE B\u00e2t \u00c9co : Siret 349 217 562 00066 | APE 41.00H.<\/p>\n<h2>2 &#8211; CONTACT<\/h2>\n<p>Vous pourrez nous contacter :<\/p>\n<ul>\n<li>via la page de contact (*) : (<a title=\"Contact\" href=\"\/site\/contact\/\">lien vers la page de contact<\/a>)<\/li>\n<li>par t\u00e9l\u00e9phone, au num\u00e9ro : 06 24 46 11 96 (non surtax\u00e9).<\/li>\n<li>par courrier, adresse postale : SAPIE, 7 rue du Cougaing, 11300 Limoux, France.<\/li>\n<\/ul>\n<p>(*) Pour des raisons de politique anti-spam, l&rsquo;adresse courriel n&rsquo;est pas divulgu\u00e9e.<\/p>\n<h2>3 \u2013 H\u00c9BERGEUR<\/h2>\n<p>L\u2019h\u00e9bergeur du pr\u00e9sent site est OVH SAS, 2 rue Kellermann, 59100 Roubaix, France.<br \/>Afin d\u2019obtenir de plus amples informations vous pourrez contacter l&rsquo;h\u00e9bergeur au +33 899 498 765 (appel surtax\u00e9 1,349\u20ac\/appel + 0,337 \u20ac\/min au profit exclusif d&rsquo;OVH SAS).<\/p>\n<h2>4 \u2013 PROPRI\u00c9T\u00c9 INTELLECTUELLE<\/h2>\n<p>Les \u00e9l\u00e9ments pr\u00e9sents sur ce site sont la propri\u00e9t\u00e9 de SAPIE, \u00e0 l\u2019exclusion :<\/p>\n<ul>\n<li>des marques et logos appartenant \u00e0 ses co contractants,<\/li>\n<li>des \u00e9ventuels dessins et graphismes sous licence Open Source.<\/li>\n<\/ul>\n<p>Il vous est interdit de modifier, copier, reproduire, publier, distribuer, afficher, transmettre, cr\u00e9er des \u0153uvres d\u00e9riv\u00e9es du\u00a0 contenu de ce site, transf\u00e9rer ou vendre le contenu sans mon consentement \u00e9crit et pr\u00e9alable.<\/p>\n<p>Le droit d\u2019usage qui vous est conf\u00e9r\u00e9 sur ce site n\u2019entra\u00eene aucune cession des droits.<\/p>\n<h2>5 \u2013 DONN\u00c9ES PERSONNELLES \u2013 COOKIES<\/h2>\n<p>Ce site collecte des statistiques de fr\u00e9quentation. Des cookies sont install\u00e9s sur votre navigateur Internet, \u00e0 la demande du pr\u00e9sent site Internet, et du service Google Analytics. Ainsi, un cookie d\u2019identification permet de suivre et d\u2019enregistrer des informations relatives \u00e0 votre fr\u00e9quentation sur notre site.<\/p>\n<p>Afin d\u2019obtenir des informations vous permettant de contr\u00f4ler l\u2019utilisation des cookies par votre navigateur Internet, veuillez faire la requ\u00eate ad\u00e9quate sur un moteur de recherche. Par exemple, si vous utilisez Firefox, r\u00e9alisez une recherche comme celle-ci : \u00ab\u00a0<em>supprimer cookie firefox<\/em>\u00ab\u00a0.<\/p>\n<p>En cas de suppression ou de modification des cookies, certaines fonctionnalit\u00e9s du site pourraient \u00eatre alt\u00e9r\u00e9es, notamment la connexion \u00e0 la plate-forme WordPress en tant qu\u2019utilisateur enregistr\u00e9.<\/p>\n<h2>6 \u2013 DONN\u00c9ES PERSONNELLES \u2013 INFORMATIQUE ET LIBERT\u00c9S<\/h2>\n<p>Les donn\u00e9es suivantes sont collect\u00e9es sur le pr\u00e9sent site Internet :<\/p>\n<ul>\n<li>Donn\u00e9es du formulaire de contact, \u00e0 destination de SAPIE,<\/li>\n<li>Statistiques de visites, via <a href=\"https:\/\/www.google.fr\/intl\/fr\/policies\/privacy\/\" target=\"_blank\" rel=\"noopener\">Google Analytics (consulter les r\u00e8gles de confidentialit\u00e9)<\/a>, \u00e0 destination de SAPIE, et de Google Inc., Mountain View, CA, \u00c9tats-Unis.<\/li>\n<\/ul>\n<p>En application des articles 38, 39 et 40 de la loi du 6 janvier 1978 modifi\u00e9e, vous b\u00e9n\u00e9ficiez d\u2019un droit d\u2019acc\u00e8s et de rectification aux informations qui vous concernent.<\/p>\n<p>Pour toute demande d\u2019acc\u00e8s et\/ou de rectification de donn\u00e9es personnelles vous concernant, nous vous invitons \u00e0 nous \u00e9crire en LR\/AR \u00e0 l\u2019adresse postale mentionn\u00e9e au <i>2<\/i> des pr\u00e9sentes <i>mentions l\u00e9gales et conditions d\u2019utilisation<\/i>, de motiver votre demande, et de joindre \u00e0 votre courrier une photocopie recto de votre pi\u00e8ce d\u2019identit\u00e9.<\/p>\n<p>[\/et_pb_text][\/et_pb_column][\/et_pb_row][\/et_pb_section]<\/p>\n","protected":false},"excerpt":{"rendered":"<p>1 &#8211; IDENTIFICATION: Le pr\u00e9sent site Internet est publi\u00e9 par SAPIE SCIC SAS \u00e0 capital variable. SAPIE SCIC SAS est install\u00e9e 7 rue du Cougaing \u00e0 Limoux (11300). N\u00b0 APE : 70.20Y.N\u00b0 de SIRET : 34921756200058.RCS de Carcassonne.N\u00b0 TVA intracommunautaire : FR 27 349 217 562.N\u00b0 de formateur :\u00a0 91 11 00271 11. SAPIE B\u00e2t [&hellip;]<\/p>\n","protected":false},"author":4,"featured_media":0,"parent":0,"menu_order":0,"comment_status":"closed","ping_status":"closed","template":"","meta":{"_et_pb_use_builder":"on","_et_pb_old_content":"<h2>1 - IDENTIFICATION:<\/h2>\r\nLe pr\u00e9sent site Internet est publi\u00e9 par SAPIE SCIC \u00e0 capital variable.\r\n\r\nSAPIE SCIC est install\u00e9e 7 rue du Cougaing \u00e0 Limoux (11300).\r\n\r\nLa directrice de publication est Mme Florence Tholly.\r\n\r\nN\u00b0 APE : <span class=\"st\">7112B.<\/span>\r\nN\u00b0 de SIRET : 34921756200058.\r\nRCS de Carcassonne.\r\nN\u00b0 TVA intracommunautaire : FR 27 349 217 562.\r\nN\u00b0 de formateur :\u00a0 91 11 00271 11.\r\n<h2>2 - CONTACT<\/h2>\r\nVous pourrez nous contacter :\r\n<ul>\r\n \t<li>via la page de contact (*) : (<a title=\"Contact\" href=\"\/site\/contact\/\">lien vers la page de contact<\/a>)<\/li>\r\n \t<li>par t\u00e9l\u00e9phone, au num\u00e9ro : +33 4 68 74 73 30 (non surtax\u00e9).<\/li>\r\n \t<li>par courrier, adresse postale : SAPIE, 7 rue du Cougaing, 11300 Limoux, France.<\/li>\r\n<\/ul>\r\n(*) Pour des raisons de politique anti-spam, l'adresse courriel n'est pas divulgu\u00e9e.\r\n<h2>3 \u2013 H\u00c9BERGEUR<\/h2>\r\nL\u2019h\u00e9bergeur du pr\u00e9sent site est OVH SAS, 2 rue Kellermann, 59100 Roubaix, France.\r\nAfin d\u2019obtenir de plus amples informations vous pourrez contacter l'h\u00e9bergeur au +33 899 498 765 (appel surtax\u00e9 1,349\u20ac\/appel + 0,337 \u20ac\/min au profit exclusif d'OVH SAS).\r\n<h2>4 \u2013 PROPRI\u00c9T\u00c9 INTELLECTUELLE<\/h2>\r\nLes \u00e9l\u00e9ments pr\u00e9sents sur ce site sont la propri\u00e9t\u00e9 de SAPIE, \u00e0 l\u2019exclusion :\r\n<ul>\r\n \t<li>des marques et logos appartenant \u00e0 ses co contractants,<\/li>\r\n \t<li>des \u00e9ventuels dessins et graphismes sous licence Open Source.<\/li>\r\n<\/ul>\r\nIl vous est interdit de modifier, copier, reproduire, publier, distribuer, afficher, transmettre, cr\u00e9er des \u0153uvres d\u00e9riv\u00e9es du\u00a0 contenu de ce site, transf\u00e9rer ou vendre le contenu sans mon consentement \u00e9crit et pr\u00e9alable.\r\n\r\nLe droit d\u2019usage qui vous est conf\u00e9r\u00e9 sur ce site n\u2019entra\u00eene aucune cession des droits.\r\n<h2>5 \u2013 DONN\u00c9ES PERSONNELLES \u2013 COOKIES<\/h2>\r\nCe site collecte des statistiques de fr\u00e9quentation. Des cookies sont install\u00e9s sur votre navigateur Internet, \u00e0 la demande du pr\u00e9sent site Internet, et du service Google Analytics. Ainsi, un cookie d\u2019identification permet de suivre et d\u2019enregistrer des informations relatives \u00e0 votre fr\u00e9quentation sur notre site.\r\n\r\nAfin d\u2019obtenir des informations vous permettant de contr\u00f4ler l\u2019utilisation des cookies par votre navigateur Internet, veuillez faire la requ\u00eate ad\u00e9quate sur un moteur de recherche. Par exemple, si vous utilisez Firefox, r\u00e9alisez une recherche comme celle-ci : \"<em>supprimer cookie firefox<\/em>\".\r\n\r\nEn cas de suppression ou de modification des cookies, certaines fonctionnalit\u00e9s du site pourraient \u00eatre alt\u00e9r\u00e9es, notamment la connexion \u00e0 la plate-forme WordPress en tant qu\u2019utilisateur enregistr\u00e9.\r\n<h2>6 \u2013 DONN\u00c9ES PERSONNELLES \u2013 INFORMATIQUE ET LIBERT\u00c9S<\/h2>\r\nLes donn\u00e9es suivantes sont collect\u00e9es sur le pr\u00e9sent site Internet :\r\n<ul>\r\n \t<li>Donn\u00e9es du formulaire de contact, \u00e0 destination de SAPIE,<\/li>\r\n \t<li>Statistiques de visites, via <a href=\"https:\/\/www.google.fr\/intl\/fr\/policies\/privacy\/\" target=\"_blank\" rel=\"noopener\">Google Analytics (consulter les r\u00e8gles de confidentialit\u00e9)<\/a>, \u00e0 destination de SAPIE, et de Google Inc., Mountain View, CA, \u00c9tats-Unis.<\/li>\r\n<\/ul>\r\nEn application des articles 38, 39 et 40 de la loi du 6 janvier 1978 modifi\u00e9e, vous b\u00e9n\u00e9ficiez d\u2019un droit d\u2019acc\u00e8s et de rectification aux informations qui vous concernent.\r\n\r\nPour toute demande d\u2019acc\u00e8s et\/ou de rectification de donn\u00e9es personnelles vous concernant, nous vous invitons \u00e0 nous \u00e9crire en LR\/AR \u00e0 l\u2019adresse postale mentionn\u00e9e au <i>2<\/i> des pr\u00e9sentes <i>mentions l\u00e9gales et conditions d\u2019utilisation<\/i>, de motiver votre demande, et de joindre \u00e0 votre courrier une photocopie recto de votre pi\u00e8ce d\u2019identit\u00e9.","_et_gb_content_width":"","footnotes":""},"class_list":["post-2541","page","type-page","status-publish","hentry"],"yoast_head":"<!-- This site is optimized with the Yoast SEO plugin v25.6 - https:\/\/yoast.com\/wordpress\/plugins\/seo\/ -->\n<title>Mentions l\u00e9gales - Sapie<\/title>\n<meta name=\"robots\" content=\"index, follow, max-snippet:-1, max-image-preview:large, max-video-preview:-1\" \/>\n<link rel=\"canonical\" href=\"https:\/\/sapie.coop\/site\/mentions-legales\/\" \/>\n<script type=\"application\/ld+json\" class=\"yoast-schema-graph\">{\"@context\":\"https:\/\/schema.org\",\"@graph\":[{\"@type\":\"WebPage\",\"@id\":\"https:\/\/sapie.coop\/site\/mentions-legales\/\",\"url\":\"https:\/\/sapie.coop\/site\/mentions-legales\/\",\"name\":\"Mentions l\u00e9gales - Sapie\",\"isPartOf\":{\"@id\":\"https:\/\/sapie.coop\/site\/#website\"},\"datePublished\":\"2017-12-04T15:11:04+00:00\",\"dateModified\":\"2026-01-29T09:34:42+00:00\",\"breadcrumb\":{\"@id\":\"https:\/\/sapie.coop\/site\/mentions-legales\/#breadcrumb\"},\"inLanguage\":\"fr-FR\",\"potentialAction\":[{\"@type\":\"ReadAction\",\"target\":[\"https:\/\/sapie.coop\/site\/mentions-legales\/\"]}]},{\"@type\":\"BreadcrumbList\",\"@id\":\"https:\/\/sapie.coop\/site\/mentions-legales\/#breadcrumb\",\"itemListElement\":[{\"@type\":\"ListItem\",\"position\":1,\"name\":\"Accueil\",\"item\":\"https:\/\/sapie.coop\/site\/\"},{\"@type\":\"ListItem\",\"position\":2,\"name\":\"Mentions l\u00e9gales\"}]},{\"@type\":\"WebSite\",\"@id\":\"https:\/\/sapie.coop\/site\/#website\",\"url\":\"https:\/\/sapie.coop\/site\/\",\"name\":\"Sapie\",\"description\":\"Coop\u00e9rative d&#039;accompagnement de projets\",\"potentialAction\":[{\"@type\":\"SearchAction\",\"target\":{\"@type\":\"EntryPoint\",\"urlTemplate\":\"https:\/\/sapie.coop\/site\/?s={search_term_string}\"},\"query-input\":{\"@type\":\"PropertyValueSpecification\",\"valueRequired\":true,\"valueName\":\"search_term_string\"}}],\"inLanguage\":\"fr-FR\"}]}<\/script>\n<!-- \/ Yoast SEO plugin. -->","yoast_head_json":{"title":"Mentions l\u00e9gales - Sapie","robots":{"index":"index","follow":"follow","max-snippet":"max-snippet:-1","max-image-preview":"max-image-preview:large","max-video-preview":"max-video-preview:-1"},"canonical":"https:\/\/sapie.coop\/site\/mentions-legales\/","schema":{"@context":"https:\/\/schema.org","@graph":[{"@type":"WebPage","@id":"https:\/\/sapie.coop\/site\/mentions-legales\/","url":"https:\/\/sapie.coop\/site\/mentions-legales\/","name":"Mentions l\u00e9gales - Sapie","isPartOf":{"@id":"https:\/\/sapie.coop\/site\/#website"},"datePublished":"2017-12-04T15:11:04+00:00","dateModified":"2026-01-29T09:34:42+00:00","breadcrumb":{"@id":"https:\/\/sapie.coop\/site\/mentions-legales\/#breadcrumb"},"inLanguage":"fr-FR","potentialAction":[{"@type":"ReadAction","target":["https:\/\/sapie.coop\/site\/mentions-legales\/"]}]},{"@type":"BreadcrumbList","@id":"https:\/\/sapie.coop\/site\/mentions-legales\/#breadcrumb","itemListElement":[{"@type":"ListItem","position":1,"name":"Accueil","item":"https:\/\/sapie.coop\/site\/"},{"@type":"ListItem","position":2,"name":"Mentions l\u00e9gales"}]},{"@type":"WebSite","@id":"https:\/\/sapie.coop\/site\/#website","url":"https:\/\/sapie.coop\/site\/","name":"Sapie","description":"Coop\u00e9rative d&#039;accompagnement de projets","potentialAction":[{"@type":"SearchAction","target":{"@type":"EntryPoint","urlTemplate":"https:\/\/sapie.coop\/site\/?s={search_term_string}"},"query-input":{"@type":"PropertyValueSpecification","valueRequired":true,"valueName":"search_term_string"}}],"inLanguage":"fr-FR"}]}},"_links":{"self":[{"href":"https:\/\/sapie.coop\/site\/wp-json\/wp\/v2\/pages\/2541"}],"collection":[{"href":"https:\/\/sapie.coop\/site\/wp-json\/wp\/v2\/pages"}],"about":[{"href":"https:\/\/sapie.coop\/site\/wp-json\/wp\/v2\/types\/page"}],"author":[{"embeddable":true,"href":"https:\/\/sapie.coop\/site\/wp-json\/wp\/v2\/users\/4"}],"replies":[{"embeddable":true,"href":"https:\/\/sapie.coop\/site\/wp-json\/wp\/v2\/comments?post=2541"}],"version-history":[{"count":7,"href":"https:\/\/sapie.coop\/site\/wp-json\/wp\/v2\/pages\/2541\/revisions"}],"predecessor-version":[{"id":11013,"href":"https:\/\/sapie.coop\/site\/wp-json\/wp\/v2\/pages\/2541\/revisions\/11013"}],"wp:attachment":[{"href":"https:\/\/sapie.coop\/site\/wp-json\/wp\/v2\/media?parent=2541"}],"curies":[{"name":"wp","href":"https:\/\/api.w.org\/{rel}","templated":true}]}}