{"id":107,"date":"2017-05-24T12:03:12","date_gmt":"2017-05-24T10:03:12","guid":{"rendered":"https:\/\/sapie.coop\/site\/?page_id=107"},"modified":"2026-02-10T14:09:48","modified_gmt":"2026-02-10T13:09:48","slug":"contact","status":"publish","type":"page","link":"https:\/\/sapie.coop\/site\/contact\/","title":{"rendered":"Contact"},"content":{"rendered":"<p>[et_pb_section fb_built=\u00a0\u00bb1&Prime; admin_label=\u00a0\u00bbFooter\u00a0\u00bb _builder_version=\u00a0\u00bb4.16&Prime; _module_preset=\u00a0\u00bbdefault\u00a0\u00bb custom_padding=\u00a0\u00bb24px|||||\u00a0\u00bb saved_tabs=\u00a0\u00bball\u00a0\u00bb global_colors_info=\u00a0\u00bb{}\u00a0\u00bb][et_pb_row column_structure=\u00a0\u00bb1_2,1_2&Prime; use_custom_gutter=\u00a0\u00bbon\u00a0\u00bb _builder_version=\u00a0\u00bb4.16&Prime; _module_preset=\u00a0\u00bbdefault\u00a0\u00bb custom_padding=\u00a0\u00bb0px|||||\u00a0\u00bb global_colors_info=\u00a0\u00bb{}\u00a0\u00bb][et_pb_column type=\u00a0\u00bb1_2&Prime; _builder_version=\u00a0\u00bb4.16&Prime; _module_preset=\u00a0\u00bbdefault\u00a0\u00bb global_colors_info=\u00a0\u00bb{}\u00a0\u00bb][et_pb_code _builder_version=\u00a0\u00bb4.18.0&Prime; _module_preset=\u00a0\u00bbdefault\u00a0\u00bb global_colors_info=\u00a0\u00bb{}\u00a0\u00bb]<iframe src=\"https:\/\/www.google.com\/maps\/embed?pb=!1m14!1m8!1m3!1d11661.318758131412!2d2.2126466!3d43.0555331!3m2!1i1024!2i768!4f13.1!3m3!1m2!1s0x0%3A0xc19d2e238401dc99!2sSCIC%20SAPIE!5e0!3m2!1sfr!2sfr!4v1666794787047!5m2!1sfr!2sfr\" width=\"600\" height=\"450\" style=\"border:0;\" allowfullscreen=\"\" loading=\"lazy\" referrerpolicy=\"no-referrer-when-downgrade\"><\/iframe>[\/et_pb_code][\/et_pb_column][et_pb_column type=\u00a0\u00bb1_2&Prime; _builder_version=\u00a0\u00bb4.16&Prime; _module_preset=\u00a0\u00bbdefault\u00a0\u00bb global_colors_info=\u00a0\u00bb{}\u00a0\u00bb][et_pb_text _builder_version=\u00a0\u00bb4.18.0&Prime; _module_preset=\u00a0\u00bb1d866de3-b108-4c5f-bed3-2da9506a6915&Prime; header_font=\u00a0\u00bb||||||||\u00a0\u00bb header_4_font=\u00a0\u00bbRoboto Mono|600||on|||||\u00a0\u00bb header_4_text_color=\u00a0\u00bb#C2422A\u00a0\u00bb header_4_font_size=\u00a0\u00bb14px\u00a0\u00bb header_4_letter_spacing=\u00a0\u00bb2px\u00a0\u00bb header_4_line_height=\u00a0\u00bb1.7em\u00a0\u00bb text_orientation=\u00a0\u00bbright\u00a0\u00bb header_4_font_size_tablet=\u00a0\u00bb12px\u00a0\u00bb header_4_font_size_phone=\u00a0\u00bb12px\u00a0\u00bb header_4_font_size_last_edited=\u00a0\u00bbon|tablet\u00a0\u00bb border_color_all=\u00a0\u00bb#A8D5BC\u00a0\u00bb border_width_bottom=\u00a0\u00bb1px\u00a0\u00bb border_color_bottom=\u00a0\u00bb#C2422A\u00a0\u00bb locked=\u00a0\u00bboff\u00a0\u00bb global_colors_info=\u00a0\u00bb{}\u00a0\u00bb]<\/p>\n<h4>T\u00e9l\u00e9phone<\/h4>\n<p>[\/et_pb_text][et_pb_text _builder_version=\u00a0\u00bb4.24.0&Prime; _module_preset=\u00a0\u00bb0d1dcb4c-f28c-4a41-972c-ecb508cfdc14&Prime; text_font=\u00a0\u00bb|600|||||||\u00a0\u00bb text_line_height=\u00a0\u00bb1.8em\u00a0\u00bb text_orientation=\u00a0\u00bbright\u00a0\u00bb text_font_size_tablet=\u00a0\u00bb\u00a0\u00bb text_font_size_phone=\u00a0\u00bb13px\u00a0\u00bb text_font_size_last_edited=\u00a0\u00bbon|phone\u00a0\u00bb header_font_size_tablet=\u00a0\u00bb55px\u00a0\u00bb header_font_size_last_edited=\u00a0\u00bboff|desktop\u00a0\u00bb locked=\u00a0\u00bboff\u00a0\u00bb global_colors_info=\u00a0\u00bb{}\u00a0\u00bb]<\/p>\n<p><span>06 24 46 11 96<\/span><\/p>\n<p>[\/et_pb_text][et_pb_text _builder_version=\u00a0\u00bb4.18.0&Prime; _module_preset=\u00a0\u00bb1d866de3-b108-4c5f-bed3-2da9506a6915&Prime; header_font=\u00a0\u00bb||||||||\u00a0\u00bb header_4_font=\u00a0\u00bbRoboto Mono|600||on|||||\u00a0\u00bb header_4_text_color=\u00a0\u00bb#C2422A\u00a0\u00bb header_4_font_size=\u00a0\u00bb14px\u00a0\u00bb header_4_letter_spacing=\u00a0\u00bb2px\u00a0\u00bb header_4_line_height=\u00a0\u00bb1.7em\u00a0\u00bb text_orientation=\u00a0\u00bbright\u00a0\u00bb header_4_font_size_tablet=\u00a0\u00bb12px\u00a0\u00bb header_4_font_size_phone=\u00a0\u00bb12px\u00a0\u00bb header_4_font_size_last_edited=\u00a0\u00bbon|tablet\u00a0\u00bb border_color_all=\u00a0\u00bb#A8D5BC\u00a0\u00bb border_width_bottom=\u00a0\u00bb1px\u00a0\u00bb border_color_bottom=\u00a0\u00bb#C2422A\u00a0\u00bb locked=\u00a0\u00bboff\u00a0\u00bb global_colors_info=\u00a0\u00bb{}\u00a0\u00bb]<\/p>\n<h4>e-mail<\/h4>\n<p>[\/et_pb_text][et_pb_text _builder_version=\u00a0\u00bb4.24.2&Prime; _module_preset=\u00a0\u00bb0d1dcb4c-f28c-4a41-972c-ecb508cfdc14&Prime; text_font=\u00a0\u00bb|600|||||||\u00a0\u00bb text_line_height=\u00a0\u00bb1.8em\u00a0\u00bb text_orientation=\u00a0\u00bbright\u00a0\u00bb text_font_size_tablet=\u00a0\u00bb\u00a0\u00bb text_font_size_phone=\u00a0\u00bb13px\u00a0\u00bb text_font_size_last_edited=\u00a0\u00bbon|phone\u00a0\u00bb header_font_size_tablet=\u00a0\u00bb55px\u00a0\u00bb header_font_size_last_edited=\u00a0\u00bboff|desktop\u00a0\u00bb locked=\u00a0\u00bboff\u00a0\u00bb global_colors_info=\u00a0\u00bb{}\u00a0\u00bb]<\/p>\n<p><span><img decoding=\"async\" src=\"https:\/\/sapie.coop\/site\/wp-content\/uploads\/2025\/06\/image.png\" width=\"153\" height=\"29\" alt=\"\" class=\"wp-image-10494 alignleft size-full\" srcset=\"https:\/\/sapie.coop\/site\/wp-content\/uploads\/2025\/06\/image.png 153w, https:\/\/sapie.coop\/site\/wp-content\/uploads\/2025\/06\/image-150x29.png 150w\" sizes=\"(max-width: 153px) 100vw, 153px\" \/><\/span><\/p>\n<p>&nbsp;<\/p>\n<p>&nbsp;<\/p>\n<p>[\/et_pb_text][et_pb_text _builder_version=\u00a0\u00bb4.18.0&Prime; _module_preset=\u00a0\u00bb1d866de3-b108-4c5f-bed3-2da9506a6915&Prime; header_font=\u00a0\u00bb||||||||\u00a0\u00bb header_4_font=\u00a0\u00bbRoboto Mono|600||on|||||\u00a0\u00bb header_4_text_color=\u00a0\u00bb#C2422A\u00a0\u00bb header_4_font_size=\u00a0\u00bb14px\u00a0\u00bb header_4_letter_spacing=\u00a0\u00bb2px\u00a0\u00bb header_4_line_height=\u00a0\u00bb1.7em\u00a0\u00bb text_orientation=\u00a0\u00bbright\u00a0\u00bb header_4_font_size_tablet=\u00a0\u00bb12px\u00a0\u00bb header_4_font_size_phone=\u00a0\u00bb12px\u00a0\u00bb header_4_font_size_last_edited=\u00a0\u00bbon|tablet\u00a0\u00bb border_color_all=\u00a0\u00bb#A8D5BC\u00a0\u00bb border_width_bottom=\u00a0\u00bb1px\u00a0\u00bb border_color_bottom=\u00a0\u00bb#C2422A\u00a0\u00bb locked=\u00a0\u00bboff\u00a0\u00bb global_colors_info=\u00a0\u00bb{}\u00a0\u00bb]<\/p>\n<h4>recevoir la newsletter du tiers lieu\u00a0<\/h4>\n<p>[\/et_pb_text][et_pb_signup mailchimp_list=\u00a0\u00bbsapie.coop|0702148be8&Prime; layout=\u00a0\u00bbtop_bottom\u00a0\u00bb first_name_field=\u00a0\u00bboff\u00a0\u00bb last_name_field=\u00a0\u00bboff\u00a0\u00bb button_text=\u00a0\u00bbEnvoi\u00a0\u00bb _builder_version=\u00a0\u00bb4.18.0&Prime; _module_preset=\u00a0\u00bbdefault\u00a0\u00bb form_field_text_color=\u00a0\u00bb#3B342F\u00a0\u00bb form_field_font=\u00a0\u00bbRoboto Mono|600|||||||\u00a0\u00bb form_field_text_align=\u00a0\u00bbright\u00a0\u00bb use_background_color=\u00a0\u00bboff\u00a0\u00bb custom_button=\u00a0\u00bbon\u00a0\u00bb button_text_size=\u00a0\u00bb16px\u00a0\u00bb button_text_color=\u00a0\u00bb#FFFFFF\u00a0\u00bb button_bg_color=\u00a0\u00bb#C2422A\u00a0\u00bb button_border_width=\u00a0\u00bb0px\u00a0\u00bb button_border_radius=\u00a0\u00bb0px\u00a0\u00bb button_letter_spacing=\u00a0\u00bb2px\u00a0\u00bb button_font=\u00a0\u00bbArchivo|600||on|||||\u00a0\u00bb button_custom_padding=\u00a0\u00bb15px|20px|15px|20px|true|true\u00a0\u00bb border_width_bottom_fields=\u00a0\u00bb1px\u00a0\u00bb global_colors_info=\u00a0\u00bb{}\u00a0\u00bb][\/et_pb_signup][et_pb_text _builder_version=\u00a0\u00bb4.18.0&Prime; _module_preset=\u00a0\u00bb1d866de3-b108-4c5f-bed3-2da9506a6915&Prime; header_font=\u00a0\u00bb||||||||\u00a0\u00bb header_4_font=\u00a0\u00bbRoboto Mono|600||on|||||\u00a0\u00bb header_4_text_color=\u00a0\u00bb#C2422A\u00a0\u00bb header_4_font_size=\u00a0\u00bb14px\u00a0\u00bb header_4_letter_spacing=\u00a0\u00bb2px\u00a0\u00bb header_4_line_height=\u00a0\u00bb1.7em\u00a0\u00bb text_orientation=\u00a0\u00bbright\u00a0\u00bb header_4_font_size_tablet=\u00a0\u00bb12px\u00a0\u00bb header_4_font_size_phone=\u00a0\u00bb12px\u00a0\u00bb header_4_font_size_last_edited=\u00a0\u00bbon|tablet\u00a0\u00bb border_color_all=\u00a0\u00bb#A8D5BC\u00a0\u00bb border_width_bottom=\u00a0\u00bb1px\u00a0\u00bb border_color_bottom=\u00a0\u00bb#C2422A\u00a0\u00bb locked=\u00a0\u00bboff\u00a0\u00bb global_colors_info=\u00a0\u00bb{}\u00a0\u00bb]<\/p>\n<h4>R\u00e9seaux Sociaux\u00a0<\/h4>\n<p>[\/et_pb_text][et_pb_social_media_follow icon_color=\u00a0\u00bb#3B342F\u00a0\u00bb _builder_version=\u00a0\u00bb4.24.2&Prime; _module_preset=\u00a0\u00bbdefault\u00a0\u00bb text_orientation=\u00a0\u00bbright\u00a0\u00bb border_radii=\u00a0\u00bbon|30px|30px|30px|30px\u00a0\u00bb border_width_all=\u00a0\u00bb1px\u00a0\u00bb border_color_all=\u00a0\u00bb#3B342F\u00a0\u00bb global_colors_info=\u00a0\u00bb{}\u00a0\u00bb][et_pb_social_media_follow_network social_network=\u00a0\u00bbfacebook\u00a0\u00bb url=\u00a0\u00bbhttps:\/\/www.facebook.com\/scicSAPIE\/\u00a0\u00bb _builder_version=\u00a0\u00bb4.18.0&Prime; _module_preset=\u00a0\u00bbdefault\u00a0\u00bb background_color=\u00a0\u00bbRGBA(255,255,255,0)\u00a0\u00bb background_enable_color=\u00a0\u00bbon\u00a0\u00bb global_colors_info=\u00a0\u00bb{}\u00a0\u00bb follow_button=\u00a0\u00bboff\u00a0\u00bb url_new_window=\u00a0\u00bbon\u00a0\u00bb]facebook[\/et_pb_social_media_follow_network][et_pb_social_media_follow_network social_network=\u00a0\u00bblinkedin\u00a0\u00bb url=\u00a0\u00bbhttps:\/\/www.linkedin.com\/company\/scic-sapie-aux-manettes\/\u00a0\u00bb _builder_version=\u00a0\u00bb4.24.2&Prime; _module_preset=\u00a0\u00bbdefault\u00a0\u00bb background_color=\u00a0\u00bbRGBA(255,255,255,0)\u00a0\u00bb background_enable_color=\u00a0\u00bbon\u00a0\u00bb global_colors_info=\u00a0\u00bb{}\u00a0\u00bb follow_button=\u00a0\u00bboff\u00a0\u00bb url_new_window=\u00a0\u00bbon\u00a0\u00bb]linkedin[\/et_pb_social_media_follow_network][\/et_pb_social_media_follow][\/et_pb_column][\/et_pb_row][\/et_pb_section][et_pb_section fb_built=\u00a0\u00bb1&Prime; admin_label=\u00a0\u00bbFooter\u00a0\u00bb _builder_version=\u00a0\u00bb4.16&Prime; use_background_color_gradient=\u00a0\u00bbon\u00a0\u00bb background_color_gradient_type=\u00a0\u00bbcircular\u00a0\u00bb background_color_gradient_direction_radial=\u00a0\u00bbtop right\u00a0\u00bb background_color_gradient_stops=\u00a0\u00bb#210b00 10%|rgba(33,25,21,0) 100%\u00a0\u00bb background_color_gradient_overlays_image=\u00a0\u00bbon\u00a0\u00bb background_color_gradient_start=\u00a0\u00bb#210b00&Prime; background_color_gradient_start_position=\u00a0\u00bb10%\u00a0\u00bb background_color_gradient_end=\u00a0\u00bbrgba(33,25,21,0)\u00a0\u00bb background_image=\u00a0\u00bbhttps:\/\/sapie.coop\/site\/wp-content\/uploads\/2022\/04\/carpenter-image-41.jpg\u00a0\u00bb custom_padding=\u00a0\u00bb100px||100px||true|false\u00a0\u00bb global_module=\u00a0\u00bb7362&Prime; saved_tabs=\u00a0\u00bball\u00a0\u00bb global_colors_info=\u00a0\u00bb{}\u00a0\u00bb][et_pb_row _builder_version=\u00a0\u00bb4.19.1&Prime; global_colors_info=\u00a0\u00bb{}\u00a0\u00bb][et_pb_column type=\u00a0\u00bb4_4&Prime; _builder_version=\u00a0\u00bb4.16&Prime; custom_padding=\u00a0\u00bb|||\u00a0\u00bb global_colors_info=\u00a0\u00bb{}\u00a0\u00bb custom_padding__hover=\u00a0\u00bb|||\u00a0\u00bb][et_pb_blurb title=\u00a0\u00bbSCIC SAPIE\u00a0\u00bb use_icon=\u00a0\u00bbon\u00a0\u00bb font_icon=\u00a0\u00bb&#xe081;||divi||400&Prime; icon_color=\u00a0\u00bb#ffffff\u00a0\u00bb icon_placement=\u00a0\u00bbleft\u00a0\u00bb content_max_width=\u00a0\u00bb1100px\u00a0\u00bb _builder_version=\u00a0\u00bb4.18.0&Prime; header_font=\u00a0\u00bb|800||on|||||\u00a0\u00bb header_font_size=\u00a0\u00bb18px\u00a0\u00bb header_letter_spacing=\u00a0\u00bb0.5px\u00a0\u00bb header_line_height=\u00a0\u00bb1.7em\u00a0\u00bb body_font=\u00a0\u00bbOpen Sans||||||||\u00a0\u00bb body_font_size=\u00a0\u00bb18px\u00a0\u00bb background_layout=\u00a0\u00bbdark\u00a0\u00bb locked=\u00a0\u00bboff\u00a0\u00bb global_colors_info=\u00a0\u00bb{}\u00a0\u00bb]<\/p>\n<p>7, rue du Cougaing<\/p>\n<p>11300 Limoux<\/p>\n<p>[\/et_pb_blurb][et_pb_blurb title=\u00a0\u00bbOuvert \u00a0\u00bb use_icon=\u00a0\u00bbon\u00a0\u00bb font_icon=\u00a0\u00bb&#xe074;||divi||400&Prime; icon_color=\u00a0\u00bb#ffffff\u00a0\u00bb icon_placement=\u00a0\u00bbleft\u00a0\u00bb content_max_width=\u00a0\u00bb1100px\u00a0\u00bb _builder_version=\u00a0\u00bb4.24.2&Prime; header_font=\u00a0\u00bb|800||on|||||\u00a0\u00bb header_font_size=\u00a0\u00bb18px\u00a0\u00bb header_letter_spacing=\u00a0\u00bb0.5px\u00a0\u00bb header_line_height=\u00a0\u00bb1.7em\u00a0\u00bb body_font=\u00a0\u00bbOpen Sans||||||||\u00a0\u00bb body_font_size=\u00a0\u00bb18px\u00a0\u00bb background_layout=\u00a0\u00bbdark\u00a0\u00bb locked=\u00a0\u00bboff\u00a0\u00bb global_colors_info=\u00a0\u00bb{}\u00a0\u00bb]<\/p>\n<p>Du lundi au vendredi de 9h \u00e0 17h30<\/p>\n<p>[\/et_pb_blurb][et_pb_blurb title=\u00a0\u00bbEmail\u00a0\u00bb use_icon=\u00a0\u00bbon\u00a0\u00bb font_icon=\u00a0\u00bb&#xe076;||divi||400&Prime; icon_color=\u00a0\u00bb#ffffff\u00a0\u00bb icon_placement=\u00a0\u00bbleft\u00a0\u00bb content_max_width=\u00a0\u00bb1100px\u00a0\u00bb _builder_version=\u00a0\u00bb4.18.0&Prime; header_font=\u00a0\u00bb|800||on|||||\u00a0\u00bb header_font_size=\u00a0\u00bb18px\u00a0\u00bb header_letter_spacing=\u00a0\u00bb0.5px\u00a0\u00bb header_line_height=\u00a0\u00bb1.7em\u00a0\u00bb body_font=\u00a0\u00bbOpen Sans||||||||\u00a0\u00bb body_font_size=\u00a0\u00bb18px\u00a0\u00bb background_layout=\u00a0\u00bbdark\u00a0\u00bb locked=\u00a0\u00bboff\u00a0\u00bb global_colors_info=\u00a0\u00bb{}\u00a0\u00bb]<\/p>\n<h3><span class=\"JsGRdQ\">sapie@sapie.coop<\/span><\/h3>\n<p>[\/et_pb_blurb][\/et_pb_column][\/et_pb_row][\/et_pb_section][et_pb_section fb_built=\u00a0\u00bb1&Prime; _builder_version=\u00a0\u00bb4.18.0&Prime; _module_preset=\u00a0\u00bbdefault\u00a0\u00bb global_colors_info=\u00a0\u00bb{}\u00a0\u00bb][et_pb_row _builder_version=\u00a0\u00bb4.18.0&Prime; _module_preset=\u00a0\u00bbdefault\u00a0\u00bb global_colors_info=\u00a0\u00bb{}\u00a0\u00bb][et_pb_column type=\u00a0\u00bb4_4&Prime; _builder_version=\u00a0\u00bb4.18.0&Prime; _module_preset=\u00a0\u00bbdefault\u00a0\u00bb global_colors_info=\u00a0\u00bb{}\u00a0\u00bb][et_pb_text _builder_version=\u00a0\u00bb4.18.0&Prime; _module_preset=\u00a0\u00bb1d866de3-b108-4c5f-bed3-2da9506a6915&Prime; header_font=\u00a0\u00bb||||||||\u00a0\u00bb header_4_font=\u00a0\u00bbRoboto Mono|600||on|||||\u00a0\u00bb header_4_text_color=\u00a0\u00bb#c2422a\u00a0\u00bb header_4_font_size=\u00a0\u00bb14px\u00a0\u00bb header_4_letter_spacing=\u00a0\u00bb2px\u00a0\u00bb header_4_line_height=\u00a0\u00bb1.7em\u00a0\u00bb header_4_font_size_tablet=\u00a0\u00bb12px\u00a0\u00bb header_4_font_size_phone=\u00a0\u00bb12px\u00a0\u00bb header_4_font_size_last_edited=\u00a0\u00bbon|tablet\u00a0\u00bb border_color_all=\u00a0\u00bb#A8D5BC\u00a0\u00bb border_width_bottom=\u00a0\u00bb1px\u00a0\u00bb border_color_bottom=\u00a0\u00bb#C2422A\u00a0\u00bb locked=\u00a0\u00bboff\u00a0\u00bb global_colors_info=\u00a0\u00bb{}\u00a0\u00bb]<\/p>\n<h4>Informations relatives<\/h4>\n<p>[\/et_pb_text][et_pb_text _builder_version=\u00a0\u00bb4.18.0&Prime; _module_preset=\u00a0\u00bb0d1dcb4c-f28c-4a41-972c-ecb508cfdc14&Prime; text_font=\u00a0\u00bb|600|||||||\u00a0\u00bb text_line_height=\u00a0\u00bb1.8em\u00a0\u00bb text_font_size_tablet=\u00a0\u00bb\u00a0\u00bb text_font_size_phone=\u00a0\u00bb13px\u00a0\u00bb text_font_size_last_edited=\u00a0\u00bbon|phone\u00a0\u00bb header_font_size_tablet=\u00a0\u00bb55px\u00a0\u00bb header_font_size_last_edited=\u00a0\u00bboff|desktop\u00a0\u00bb global_colors_info=\u00a0\u00bb{}\u00a0\u00bb]<\/p>\n<p><span>La collecte d\u2019informations via les formulaires du pr\u00e9sent site, par SAPIE, lui permet de r\u00e9pondre \u00e0 votre besoin. Ces informations sont destin\u00e9es \u00e0 la direction et aux personnes missionn\u00e9es pour vous r\u00e9pondre. En application des articles 38, 39 et 40 de la loi n\u00b0 78-17 modifi\u00e9e du 6 janvier 1978 relative \u00e0 l\u2019informatique, aux fichiers et aux libert\u00e9s, vous disposez pour vos donn\u00e9es personnelles, d\u2019un droit d\u2019acc\u00e8s, de rectification, de suppression, et d\u2019opposition pour motif l\u00e9gitime, que vous pourrez exercer en vous adressant \u00e0 SAPIE, 7 rue du Cougaing, 11300 LIMOUX.<\/span><\/p>\n<p>Pour cesser de recevoir nos newsletters, il suffit de cliquer sur le lien de d\u00e9sinscription pr\u00e9sent sur chaque newsletter.<\/p>\n<p>[\/et_pb_text][et_pb_text _builder_version=\u00a0\u00bb4.18.0&Prime; _module_preset=\u00a0\u00bb1d866de3-b108-4c5f-bed3-2da9506a6915&Prime; header_font=\u00a0\u00bb||||||||\u00a0\u00bb header_4_font=\u00a0\u00bbRoboto Mono|600||on|||||\u00a0\u00bb header_4_text_color=\u00a0\u00bb#c2422a\u00a0\u00bb header_4_font_size=\u00a0\u00bb14px\u00a0\u00bb header_4_letter_spacing=\u00a0\u00bb2px\u00a0\u00bb header_4_line_height=\u00a0\u00bb1.7em\u00a0\u00bb header_4_font_size_tablet=\u00a0\u00bb12px\u00a0\u00bb header_4_font_size_phone=\u00a0\u00bb12px\u00a0\u00bb header_4_font_size_last_edited=\u00a0\u00bbon|tablet\u00a0\u00bb border_color_all=\u00a0\u00bb#A8D5BC\u00a0\u00bb border_width_bottom=\u00a0\u00bb1px\u00a0\u00bb border_color_bottom=\u00a0\u00bb#C2422A\u00a0\u00bb locked=\u00a0\u00bboff\u00a0\u00bb global_colors_info=\u00a0\u00bb{}\u00a0\u00bb]<\/p>\n<h4>Nos partenaires<\/h4>\n<p>[\/et_pb_text][et_pb_image src=\u00a0\u00bbhttps:\/\/sapie.coop\/site\/wp-content\/uploads\/2026\/02\/logos-2.png\u00a0\u00bb title_text=\u00a0\u00bblogos\u00a0\u00bb _builder_version=\u00a0\u00bb4.24.2&Prime; _module_preset=\u00a0\u00bbdefault\u00a0\u00bb hover_enabled=\u00a0\u00bb0&Prime; global_colors_info=\u00a0\u00bb{}\u00a0\u00bb sticky_enabled=\u00a0\u00bb0&Prime;][\/et_pb_image][\/et_pb_column][\/et_pb_row][\/et_pb_section]<\/p>\n","protected":false},"excerpt":{"rendered":"<p>T\u00e9l\u00e9phone06 24 46 11 96e-mail &nbsp; &nbsp;recevoir la newsletter du tiers lieu\u00a0R\u00e9seaux Sociaux\u00a07, rue du Cougaing 11300 LimouxDu lundi au vendredi de 9h \u00e0 17h30sapie@sapie.coopInformations relativesLa collecte d\u2019informations via les formulaires du pr\u00e9sent site, par SAPIE, lui permet de r\u00e9pondre \u00e0 votre besoin. Ces informations sont destin\u00e9es \u00e0 la direction et aux personnes missionn\u00e9es pour [&hellip;]<\/p>\n","protected":false},"author":2,"featured_media":0,"parent":0,"menu_order":0,"comment_status":"closed","ping_status":"closed","template":"","meta":{"_et_pb_use_builder":"on","_et_pb_old_content":"","_et_gb_content_width":"","footnotes":""},"class_list":["post-107","page","type-page","status-publish","hentry"],"yoast_head":"<!-- This site is optimized with the Yoast SEO plugin v25.6 - https:\/\/yoast.com\/wordpress\/plugins\/seo\/ -->\n<title>Contact - Sapie<\/title>\n<meta name=\"robots\" content=\"index, follow, max-snippet:-1, max-image-preview:large, max-video-preview:-1\" \/>\n<link rel=\"canonical\" href=\"https:\/\/sapie.coop\/site\/contact\/\" \/>\n<script type=\"application\/ld+json\" class=\"yoast-schema-graph\">{\"@context\":\"https:\/\/schema.org\",\"@graph\":[{\"@type\":\"WebPage\",\"@id\":\"https:\/\/sapie.coop\/site\/contact\/\",\"url\":\"https:\/\/sapie.coop\/site\/contact\/\",\"name\":\"Contact - Sapie\",\"isPartOf\":{\"@id\":\"https:\/\/sapie.coop\/site\/#website\"},\"primaryImageOfPage\":{\"@id\":\"https:\/\/sapie.coop\/site\/contact\/#primaryimage\"},\"image\":{\"@id\":\"https:\/\/sapie.coop\/site\/contact\/#primaryimage\"},\"thumbnailUrl\":\"https:\/\/sapie.coop\/site\/wp-content\/uploads\/2025\/06\/image.png\",\"datePublished\":\"2017-05-24T10:03:12+00:00\",\"dateModified\":\"2026-02-10T13:09:48+00:00\",\"breadcrumb\":{\"@id\":\"https:\/\/sapie.coop\/site\/contact\/#breadcrumb\"},\"inLanguage\":\"fr-FR\",\"potentialAction\":[{\"@type\":\"ReadAction\",\"target\":[\"https:\/\/sapie.coop\/site\/contact\/\"]}]},{\"@type\":\"ImageObject\",\"inLanguage\":\"fr-FR\",\"@id\":\"https:\/\/sapie.coop\/site\/contact\/#primaryimage\",\"url\":\"https:\/\/sapie.coop\/site\/wp-content\/uploads\/2025\/06\/image.png\",\"contentUrl\":\"https:\/\/sapie.coop\/site\/wp-content\/uploads\/2025\/06\/image.png\",\"width\":153,\"height\":29},{\"@type\":\"BreadcrumbList\",\"@id\":\"https:\/\/sapie.coop\/site\/contact\/#breadcrumb\",\"itemListElement\":[{\"@type\":\"ListItem\",\"position\":1,\"name\":\"Accueil\",\"item\":\"https:\/\/sapie.coop\/site\/\"},{\"@type\":\"ListItem\",\"position\":2,\"name\":\"Contact\"}]},{\"@type\":\"WebSite\",\"@id\":\"https:\/\/sapie.coop\/site\/#website\",\"url\":\"https:\/\/sapie.coop\/site\/\",\"name\":\"Sapie\",\"description\":\"Coop\u00e9rative d&#039;accompagnement de projets\",\"potentialAction\":[{\"@type\":\"SearchAction\",\"target\":{\"@type\":\"EntryPoint\",\"urlTemplate\":\"https:\/\/sapie.coop\/site\/?s={search_term_string}\"},\"query-input\":{\"@type\":\"PropertyValueSpecification\",\"valueRequired\":true,\"valueName\":\"search_term_string\"}}],\"inLanguage\":\"fr-FR\"}]}<\/script>\n<!-- \/ Yoast SEO plugin. -->","yoast_head_json":{"title":"Contact - Sapie","robots":{"index":"index","follow":"follow","max-snippet":"max-snippet:-1","max-image-preview":"max-image-preview:large","max-video-preview":"max-video-preview:-1"},"canonical":"https:\/\/sapie.coop\/site\/contact\/","schema":{"@context":"https:\/\/schema.org","@graph":[{"@type":"WebPage","@id":"https:\/\/sapie.coop\/site\/contact\/","url":"https:\/\/sapie.coop\/site\/contact\/","name":"Contact - Sapie","isPartOf":{"@id":"https:\/\/sapie.coop\/site\/#website"},"primaryImageOfPage":{"@id":"https:\/\/sapie.coop\/site\/contact\/#primaryimage"},"image":{"@id":"https:\/\/sapie.coop\/site\/contact\/#primaryimage"},"thumbnailUrl":"https:\/\/sapie.coop\/site\/wp-content\/uploads\/2025\/06\/image.png","datePublished":"2017-05-24T10:03:12+00:00","dateModified":"2026-02-10T13:09:48+00:00","breadcrumb":{"@id":"https:\/\/sapie.coop\/site\/contact\/#breadcrumb"},"inLanguage":"fr-FR","potentialAction":[{"@type":"ReadAction","target":["https:\/\/sapie.coop\/site\/contact\/"]}]},{"@type":"ImageObject","inLanguage":"fr-FR","@id":"https:\/\/sapie.coop\/site\/contact\/#primaryimage","url":"https:\/\/sapie.coop\/site\/wp-content\/uploads\/2025\/06\/image.png","contentUrl":"https:\/\/sapie.coop\/site\/wp-content\/uploads\/2025\/06\/image.png","width":153,"height":29},{"@type":"BreadcrumbList","@id":"https:\/\/sapie.coop\/site\/contact\/#breadcrumb","itemListElement":[{"@type":"ListItem","position":1,"name":"Accueil","item":"https:\/\/sapie.coop\/site\/"},{"@type":"ListItem","position":2,"name":"Contact"}]},{"@type":"WebSite","@id":"https:\/\/sapie.coop\/site\/#website","url":"https:\/\/sapie.coop\/site\/","name":"Sapie","description":"Coop\u00e9rative d&#039;accompagnement de projets","potentialAction":[{"@type":"SearchAction","target":{"@type":"EntryPoint","urlTemplate":"https:\/\/sapie.coop\/site\/?s={search_term_string}"},"query-input":{"@type":"PropertyValueSpecification","valueRequired":true,"valueName":"search_term_string"}}],"inLanguage":"fr-FR"}]}},"_links":{"self":[{"href":"https:\/\/sapie.coop\/site\/wp-json\/wp\/v2\/pages\/107"}],"collection":[{"href":"https:\/\/sapie.coop\/site\/wp-json\/wp\/v2\/pages"}],"about":[{"href":"https:\/\/sapie.coop\/site\/wp-json\/wp\/v2\/types\/page"}],"author":[{"embeddable":true,"href":"https:\/\/sapie.coop\/site\/wp-json\/wp\/v2\/users\/2"}],"replies":[{"embeddable":true,"href":"https:\/\/sapie.coop\/site\/wp-json\/wp\/v2\/comments?post=107"}],"version-history":[{"count":63,"href":"https:\/\/sapie.coop\/site\/wp-json\/wp\/v2\/pages\/107\/revisions"}],"predecessor-version":[{"id":11087,"href":"https:\/\/sapie.coop\/site\/wp-json\/wp\/v2\/pages\/107\/revisions\/11087"}],"wp:attachment":[{"href":"https:\/\/sapie.coop\/site\/wp-json\/wp\/v2\/media?parent=107"}],"curies":[{"name":"wp","href":"https:\/\/api.w.org\/{rel}","templated":true}]}}